{"id":292,"date":"2016-05-26T14:51:40","date_gmt":"2016-05-26T14:51:40","guid":{"rendered":"http:\/\/naujas.jupojostechnika.eu\/en\/about-us\/about-company\/laugea\/"},"modified":"2024-06-20T12:18:20","modified_gmt":"2024-06-20T09:18:20","slug":"laugea","status":"publish","type":"page","link":"https:\/\/www.jupojostechnika.eu\/en\/about-us\/about-company\/laugea\/","title":{"rendered":"LAuGEA"},"content":{"rendered":"<p><strong><img loading=\"lazy\" class=\"alignleft wp-image-21579\" src=\"\/wp-content\/uploads\/2024\/06\/laugea-logotipas-150x150.png\" alt=\"\" width=\"98\" height=\"100\" \/><\/strong><\/p>\n<p><strong>Lithuanian Automotive Export Association<\/strong><\/p>\n<p><strong>Who We Are?<\/strong><\/p>\n<p>Lithuanian Automotive Export Association (LAuGEA) is an association with features of cluster activity, joining Lithuanian companies manufacturing and exporting automotive products. The cluster LAuGEA was found by the companies UAB Jupojos technika, UAB Jubana, UAB Autosmilga, UAB Eoltas, UAB Craft Bearings, UAB Matur\u0117, UAB Da\u017e\u0173 ir Dang\u0173 fabrikas, AB Achema branch office Gaschema, UAB Danushis Chemicals, UAB Augija, and \u0160iauliai University in 2014.<\/p>\n<p><a href=\"\/wp-content\/uploads\/2024\/06\/laugea10.png\" rel=\"lightbox[292]\"><img loading=\"lazy\" class=\"alignleft wp-image-21574 size-medium\" src=\"\/wp-content\/uploads\/2024\/06\/laugea10-300x213.png\" alt=\"\" width=\"300\" height=\"213\" srcset=\"https:\/\/www.jupojostechnika.eu\/wp-content\/uploads\/2024\/06\/laugea10-300x213.png 300w, https:\/\/www.jupojostechnika.eu\/wp-content\/uploads\/2024\/06\/laugea10-1024x726.png 1024w, https:\/\/www.jupojostechnika.eu\/wp-content\/uploads\/2024\/06\/laugea10-230x163.png 230w, https:\/\/www.jupojostechnika.eu\/wp-content\/uploads\/2024\/06\/laugea10-170x120.png 170w, https:\/\/www.jupojostechnika.eu\/wp-content\/uploads\/2024\/06\/laugea10-141x100.png 141w, https:\/\/www.jupojostechnika.eu\/wp-content\/uploads\/2024\/06\/laugea10-190x136.png 190w, https:\/\/www.jupojostechnika.eu\/wp-content\/uploads\/2024\/06\/laugea10.png 1524w\" sizes=\"(max-width: 300px) 100vw, 300px\" \/><\/a>LAuGEA collaborates with various business companies, state institutions, non-governmental organizations, research and product development units, and other entities with similar activities.<\/p>\n<p>The cooperation allows LAuGEA members not only to accelerate their development and testing of new competitive products and successfully sell them in local and foreign markets, but also to more efficiently manage corporate costs.<\/p>\n<p>More information: <a href=\"https:\/\/laugea.lt\/en\/laugea-truck\/\" target=\"_blank\" rel=\"noopener\">laugea.com<\/a><\/p>\n","protected":false},"excerpt":{"rendered":"<p>Lithuanian Automotive Export Association Who We Are? Lithuanian Automotive Export Association (LAuGEA) is an association with features of cluster activity, joining Lithuanian companies manufacturing and exporting automotive products. The cluster LAuGEA was found by the companies UAB Jupojos technika, UAB Jubana, UAB Autosmilga, UAB Eoltas, UAB Craft Bearings, UAB Matur\u0117, UAB Da\u017e\u0173 ir Dang\u0173 fabrikas, [&hellip;]<\/p>\n","protected":false},"author":1,"featured_media":0,"parent":288,"menu_order":0,"comment_status":"closed","ping_status":"closed","template":"","meta":{"om_disable_all_campaigns":false,"_monsterinsights_skip_tracking":false,"_monsterinsights_sitenote_active":false,"_monsterinsights_sitenote_note":"","_monsterinsights_sitenote_category":0},"acf":[],"aioseo_notices":[],"_links":{"self":[{"href":"https:\/\/www.jupojostechnika.eu\/en\/wp-json\/wp\/v2\/pages\/292"}],"collection":[{"href":"https:\/\/www.jupojostechnika.eu\/en\/wp-json\/wp\/v2\/pages"}],"about":[{"href":"https:\/\/www.jupojostechnika.eu\/en\/wp-json\/wp\/v2\/types\/page"}],"author":[{"embeddable":true,"href":"https:\/\/www.jupojostechnika.eu\/en\/wp-json\/wp\/v2\/users\/1"}],"replies":[{"embeddable":true,"href":"https:\/\/www.jupojostechnika.eu\/en\/wp-json\/wp\/v2\/comments?post=292"}],"version-history":[{"count":9,"href":"https:\/\/www.jupojostechnika.eu\/en\/wp-json\/wp\/v2\/pages\/292\/revisions"}],"predecessor-version":[{"id":21583,"href":"https:\/\/www.jupojostechnika.eu\/en\/wp-json\/wp\/v2\/pages\/292\/revisions\/21583"}],"up":[{"embeddable":true,"href":"https:\/\/www.jupojostechnika.eu\/en\/wp-json\/wp\/v2\/pages\/288"}],"wp:attachment":[{"href":"https:\/\/www.jupojostechnika.eu\/en\/wp-json\/wp\/v2\/media?parent=292"}],"curies":[{"name":"wp","href":"https:\/\/api.w.org\/{rel}","templated":true}]}}